{"id":25,"date":"2019-08-15T14:15:31","date_gmt":"2019-08-15T11:15:31","guid":{"rendered":"http:\/\/wp-prodinfo.loc\/?page_id=25"},"modified":"2019-08-20T18:56:02","modified_gmt":"2019-08-20T15:56:02","slug":"contacte","status":"publish","type":"page","link":"https:\/\/prodinfo.md\/en\/contacte\/","title":{"rendered":"Contacts"},"content":{"rendered":"\n\t\t<script>\n\t\t\tif (typeof(YaMapsWP) === \"undefined\") {\n\t\t\t\tvar YaMapsWP = {}, YMlisteners = {};\n\t\t\t\tvar YaMapsScript = document.createElement(\"script\");\t\n\t\t\t\tvar YaMapsScriptCounter = [];\t\t\t\t\t\n\t\t\t}\n\t\t\tvar myMap0;\t\t\t\n\t\t<\/script>\n\t\t\t\t\t\t<script type=\"text\/javascript\">\t\t\t\t\t\t\t\t\t\t\n\t\t\t\t\t\tdocument.addEventListener(\"DOMContentLoaded\", function() { \n\t\t\t\t\t\t   if (document.getElementById(\"YandexMapAPI-js\") == null ) {\n\t\t\t\t\t   \t\t\tYaMapsScriptCounter.push(function() {ymaps.ready(init)});\n\t\t\t\t\t\t   \t\tif (document.getElementById(\"YandexMapAPI-alt-js\") == null ) { \n\t\t\t\t\t\t   \t\t\tfunction AltApiLoad(src){\n\n\t\t\t\t\t\t\t\t\t  YaMapsScript.id = \"YandexMapAPI-alt-js\";\n\t\t\t\t\t\t\t\t\t  YaMapsScript.src = src;\n\t\t\t\t\t\t\t\t\t  YaMapsScript.async = false;\n\t\t\t\t\t\t\t\t\t  document.head.appendChild(YaMapsScript);\n\n\t\t\t\t\t\t\t\t\t}\n\n\t\t\t\t\t\t\t\t\tAltApiLoad(\"https:\/\/api-maps.yandex.ru\/2.1\/?lang=en_US\");\n\n\t\t\t\t\t\t\t\t\twindow.onload = function() {\n\t\t\t\t\t\t\t\t\t\tYaMapsScriptCounter.forEach(function(entryFunc) {\n\t\t\t\t\t\t\t\t\t\t    entryFunc();\n\t\t\t\t\t\t\t\t\t\t});\n\t\t\t\t\t\t\t\t\t}\n\t\t\t\t\t\t   \t\t}\n\n\t\t\t\t\t\t   \t\t\n\n\t\t\t\t\t\t   } \n\t\t\t\t\t\t   else {\n\t\t\t\t\t\t   \t\tymaps.ready(init); \n\t\t\t\t\t\t   }\n\t\t\t\t\t\t   \n\t                 \t\t\n\t\t\t\t\t\t\tYMlisteners.myMap0 = {};\n\t\t\t\t\t\t\tYaMapsWP.myMap0 = {center: \"47.0409,28.8913\", zoom: \"15\", type: \"yandex#map\", controls: \"typeSelector;zoomControl;fullscreenControl\", places: {}};\n\n\t                 \t\tvar yamapsonclick = function (url) {\n\t\t\t\t\t\t\t\tlocation.href=url;\n\t                 \t\t}                        \n\n\t                        function init () {\n\t                            myMap0 = new ymaps.Map(\"yamap0\", {\n\t                                    center: [47.0409,28.8913],\n\t                                    zoom: 15,\n\t                                    type: \"yandex#map\",\n\t                                    controls: [\"typeSelector\", \"zoomControl\", \"fullscreenControl\"] ,\n\t                                    \n\t                                },\n\t                                {\n\t                                \tsuppressMapOpenBlock: true\n\t                                }); \n\n\t\t\t\t\t\t\t\t\n\t\tYaMapsWP.myMap0.places.placemark1 = {icon: \"islands#dotIcon\", name: \"\", color: \"#1e98ff\", coord: \"47.047512,28.890736\", url: \"\",};\n\t\tmyMap0placemark1 = new ymaps.Placemark([47.047512,28.890736], {\n                                hintContent: \"\",\n                                iconContent: \"\",\n\n\n                              \n                            }, {                        \n                            \tpreset: \"islands#dotIcon\", \n                            \ticonColor: \"#1e98ff\",\n                            });  \n\t\t\n\t\tYaMapsWP.myMap0.places.placemark2 = {icon: \"islands#blueStretchyIcon\", name: \"mun. Chi\u0219in\u0103u, bd. Mircea cel B\u0103tr\u00een 8\/1\", color: \"#1e98ff\", coord: \"47.0409,28.8913\", url: \"\",};\n\t\tmyMap0placemark2 = new ymaps.Placemark([47.0409,28.8913], {\n                                hintContent: \"\",\n                                iconContent: \"mun. Chi\u0219in\u0103u, bd. Mircea cel B\u0103tr\u00een 8\/1\",\n\n\n                              \n                            }, {                        \n                            \tpreset: \"islands#blueStretchyIcon\", \n                            \ticonColor: \"#1e98ff\",\n                            });  \n\t\tmyMap0.geoObjects.add(myMap0placemark1).add(myMap0placemark2);\n\t                            \tif (\/Android|webOS|iPhone|iPad|iPod|BlackBerry|BB|PlayBook|IEMobile|Windows Phone|Kindle|Silk|Opera Mini\/i.test(navigator.userAgent)) {\n\t                            \t\tmyMap0.behaviors.disable('drag');\t\n\t\t\t\t\t\t\t\t\t}\n\n\t                        }\n                        }, false);\n                    <\/script>\n                    \n    <div id=\"yamap0\"  style=\"position: relative; min-height: 22rem; margin-bottom: 0 !important;\"><\/div><div style=\"position: relative; height: 0;  margin-bottom: 1rem !important; overflow: visible; width: 100%; text-align: center; top: -32px;\"><a href=\"https:\/\/www.yhunter.ru\/portfolio\/dev\/yamaps\/\" title=\"YaMaps plugin for Wordpress\" target=\"_blank\" style=\"display: inline-block; -webkit-box-align: center; padding: 3.5px 5px; text-decoration: none !important; border-bottom: 0; border-radius: 3px; background-color: #fff; cursor: pointer; white-space: nowrap; box-shadow: 0 1px 2px 1px rgba(0,0,0,.15),0 2px 5px -3px rgba(0,0,0,.15);\"><img src=\"https:\/\/prodinfo.md\/wp-content\/plugins\/yamaps\/js\/img\/placeholder.svg\" alt=\"\" style=\"width: 17px; height: 17px; margin: 0; display: block;\" \/><\/a><\/div>\n","protected":false},"excerpt":{"rendered":"","protected":false},"author":1,"featured_media":0,"parent":0,"menu_order":0,"comment_status":"closed","ping_status":"closed","template":"page-contacts.php","meta":[],"translation":{"provider":"WPGlobus","version":"2.8.10","language":"en","enabled_languages":["ro","ru","en"],"languages":{"ro":{"title":true,"content":true,"excerpt":false},"ru":{"title":true,"content":false,"excerpt":false},"en":{"title":true,"content":false,"excerpt":false}}},"_links":{"self":[{"href":"https:\/\/prodinfo.md\/en\/wp-json\/wp\/v2\/pages\/25"}],"collection":[{"href":"https:\/\/prodinfo.md\/en\/wp-json\/wp\/v2\/pages"}],"about":[{"href":"https:\/\/prodinfo.md\/en\/wp-json\/wp\/v2\/types\/page"}],"author":[{"embeddable":true,"href":"https:\/\/prodinfo.md\/en\/wp-json\/wp\/v2\/users\/1"}],"replies":[{"embeddable":true,"href":"https:\/\/prodinfo.md\/en\/wp-json\/wp\/v2\/comments?post=25"}],"version-history":[{"count":3,"href":"https:\/\/prodinfo.md\/en\/wp-json\/wp\/v2\/pages\/25\/revisions"}],"predecessor-version":[{"id":130,"href":"https:\/\/prodinfo.md\/en\/wp-json\/wp\/v2\/pages\/25\/revisions\/130"}],"wp:attachment":[{"href":"https:\/\/prodinfo.md\/en\/wp-json\/wp\/v2\/media?parent=25"}],"curies":[{"name":"wp","href":"https:\/\/api.w.org\/{rel}","templated":true}]}}